
{"id":17424,"date":"2020-04-06T14:39:49","date_gmt":"2020-04-06T14:39:49","guid":{"rendered":"https:\/\/demo35.houzez.co\/?page_id=17424"},"modified":"2025-10-03T11:29:51","modified_gmt":"2025-10-03T11:29:51","slug":"guias-inmobiliarias-en-la-cerdanya","status":"publish","type":"page","link":"https:\/\/martinezsayko.es\/ru\/guias-inmobiliarias-en-la-cerdanya\/","title":{"rendered":"gu\u00edas inmobiliarias"},"content":{"rendered":"<div data-elementor-type=\"wp-page\" data-elementor-id=\"17424\" class=\"elementor elementor-17424\">\n\t\t\t\t\t\t<section class=\"elementor-section elementor-top-section elementor-element elementor-element-d6a44ff elementor-section-boxed elementor-section-height-default elementor-section-height-default\" data-id=\"d6a44ff\" data-element_type=\"section\" data-e-type=\"section\">\n\t\t\t\t\t\t<div class=\"elementor-container elementor-column-gap-default\">\n\t\t\t\t\t<div class=\"elementor-column elementor-col-100 elementor-top-column elementor-element elementor-element-c0f5c47\" data-id=\"c0f5c47\" data-element_type=\"column\" data-e-type=\"column\">\n\t\t\t<div class=\"elementor-widget-wrap elementor-element-populated\">\n\t\t\t\t\t\t<div class=\"elementor-element elementor-element-75b6708 elementor-widget elementor-widget-heading\" data-id=\"75b6708\" data-element_type=\"widget\" data-e-type=\"widget\" data-widget_type=\"heading.default\">\n\t\t\t\t<div class=\"elementor-widget-container\">\n\t\t\t\t\t<h2 class=\"elementor-heading-title elementor-size-default\">Gu\u00edas inmobiliarias en La Cerdanya<\/h2>\t\t\t\t<\/div>\n\t\t\t\t<\/div>\n\t\t\t\t\t<\/div>\n\t\t<\/div>\n\t\t\t\t\t<\/div>\n\t\t<\/section>\n\t\t<div class=\"elementor-element elementor-element-ea42b67 e-flex e-con-boxed e-con e-parent\" data-id=\"ea42b67\" data-element_type=\"container\" data-e-type=\"container\">\n\t\t\t\t\t<div class=\"e-con-inner\">\n\t\t\t\t<div class=\"elementor-element elementor-element-f676eb1 elementor-widget elementor-widget-text-editor\" data-id=\"f676eb1\" data-element_type=\"widget\" data-e-type=\"widget\" data-widget_type=\"text-editor.default\">\n\t\t\t\t<div class=\"elementor-widget-container\">\n\t\t\t\t\t\t\t\t\t<p data-start=\"291\" data-end=\"601\">\u00bfEst\u00e1s pensando en comprar o vender una propiedad en el Pirineo catal\u00e1n? Nuestras <strong data-start=\"373\" data-end=\"411\">gu\u00edas inmobiliarias en La Cerdanya<\/strong> est\u00e1n dise\u00f1adas para acompa\u00f1arte en cada paso del proceso. Ya seas propietario o comprador, contar con informaci\u00f3n clara y pr\u00e1ctica es fundamental para tomar decisiones seguras y rentables.<\/p><p data-start=\"603\" data-end=\"1006\">En Martinez &amp; Sayko hemos reunido una colecci\u00f3n de <strong data-start=\"654\" data-end=\"692\">gu\u00edas inmobiliarias en La Cerdanya<\/strong> que abordan los temas m\u00e1s importantes del mercado local: desde c\u00f3mo valorar correctamente una vivienda, hasta los pasos legales para formalizar una compraventa. Tambi\u00e9n te ofrecemos recomendaciones para elegir la mejor ubicaci\u00f3n seg\u00fan tus necesidades: \u00bfbuscas tranquilidad rural o cercan\u00eda a servicios y escuelas?<\/p><p data-start=\"1008\" data-end=\"1297\">Cada gu\u00eda est\u00e1 redactada por profesionales con experiencia en el sector inmobiliario de la zona, y se basa en datos reales, actualizados y espec\u00edficos del entorno cerdano. Nuestro objetivo es que entiendas cada aspecto del proceso, desde la planificaci\u00f3n hasta la firma final ante notario.<\/p><p data-start=\"1299\" data-end=\"1605\">Adem\u00e1s de cubrir la parte t\u00e9cnica, nuestras <strong data-start=\"1343\" data-end=\"1381\">gu\u00edas inmobiliarias en La Cerdanya<\/strong> incluyen consejos pr\u00e1cticos sobre decoraci\u00f3n para la venta, gesti\u00f3n de visitas, negociaci\u00f3n de precios y financiaci\u00f3n. Tambi\u00e9n encontrar\u00e1s secciones especiales para extranjeros que deseen invertir o trasladarse a la regi\u00f3n.<\/p><p data-start=\"1607\" data-end=\"1994\">En un mercado tan din\u00e1mico y particular como el de La Cerdanya, es crucial estar bien informado. Por eso, actualizamos nuestras gu\u00edas constantemente para adaptarlas a cambios normativos, fiscales y de mercado. Ya sea que quieras vender tu casa con \u00e9xito o encontrar una segunda residencia en plena naturaleza, nuestras <strong data-start=\"1926\" data-end=\"1964\">gu\u00edas inmobiliarias en La Cerdanya<\/strong> son el recurso que necesitas.<\/p><p data-start=\"1996\" data-end=\"2194\">Explora todas nuestras gu\u00edas y prep\u00e1rate para tomar decisiones con confianza. Estamos aqu\u00ed para ayudarte a lograr una transacci\u00f3n segura, eficaz y adaptada a tus objetivos personales o de inversi\u00f3n.<\/p>\t\t\t\t\t\t\t\t<\/div>\n\t\t\t\t<\/div>\n\t\t\t\t\t<\/div>\n\t\t\t\t<\/div>\n\t\t<div class=\"elementor-element elementor-element-faeef54 e-flex e-con-boxed e-con e-parent\" data-id=\"faeef54\" data-element_type=\"container\" data-e-type=\"container\">\n\t\t\t\t\t<div class=\"e-con-inner\">\n\t\t<div class=\"elementor-element elementor-element-d570571 e-con-full e-flex e-con e-child\" data-id=\"d570571\" data-element_type=\"container\" data-e-type=\"container\" data-settings=\"{&quot;background_background&quot;:&quot;classic&quot;}\">\n\t\t<div class=\"elementor-element elementor-element-2bdda3f e-con-full e-flex e-con e-child\" data-id=\"2bdda3f\" data-element_type=\"container\" data-e-type=\"container\">\n\t\t\t\t<div class=\"elementor-element elementor-element-5815c4a elementor-widget elementor-widget-houzez_elementor_section_title\" data-id=\"5815c4a\" data-element_type=\"widget\" data-e-type=\"widget\" data-widget_type=\"houzez_elementor_section_title.default\">\n\t\t\t\t<div class=\"elementor-widget-container\">\n\t\t\t\t\t            <div class=\"houzez_section_title_wrap section-title-module\">\n                                    <h2 class=\"houzez_section_title\">Gu\u00eda de las mejora zonas de la Cerdanya<\/h2>\n                \n                                    <p class=\"houzez_section_subtitle\">Hemos elaborado nuestras gu\u00edas a medida sobre las zonas clave de Marbella, destacando todo lo que hay que saber sobre los lugares m\u00e1s codiciados y deseables de la Cerdanya.<\/p>\n                            <\/div>\n            \t\t\t\t<\/div>\n\t\t\t\t<\/div>\n\t\t\t\t<div class=\"elementor-element elementor-element-8ba34f2 elementor-widget elementor-widget-houzez_elementor_section_title\" data-id=\"8ba34f2\" data-element_type=\"widget\" data-e-type=\"widget\" data-widget_type=\"houzez_elementor_section_title.default\">\n\t\t\t\t<div class=\"elementor-widget-container\">\n\t\t\t\t\t            <div class=\"houzez_section_title_wrap section-title-module\">\n                                    <h2 class=\"houzez_section_title\">Bolvir, Ll\u00edvia, Alp, Bellver de Cerdanya, Pi, Tartera...<\/h2>\n                \n                            <\/div>\n            \t\t\t\t<\/div>\n\t\t\t\t<\/div>\n\t\t\t\t<div class=\"elementor-element elementor-element-17dcb01 elementor-align-center elementor-widget elementor-widget-button\" data-id=\"17dcb01\" data-element_type=\"widget\" data-e-type=\"widget\" data-widget_type=\"button.default\">\n\t\t\t\t<div class=\"elementor-widget-container\">\n\t\t\t\t\t\t\t\t\t<div class=\"elementor-button-wrapper\">\n\t\t\t\t\t<a class=\"elementor-button elementor-button-link elementor-size-sm\" href=\"https:\/\/www.catalunya.com\/\" target=\"_blank\" rel=\"noopener\">\n\t\t\t\t\t\t<span class=\"elementor-button-content-wrapper\">\n\t\t\t\t\t\t\t\t\t<span class=\"elementor-button-text\">Ver la gu\u00eda<\/span>\n\t\t\t\t\t<\/span>\n\t\t\t\t\t<\/a>\n\t\t\t\t<\/div>\n\t\t\t\t\t\t\t\t<\/div>\n\t\t\t\t<\/div>\n\t\t\t\t<\/div>\n\t\t\t\t<\/div>\n\t\t<div class=\"elementor-element elementor-element-b7eb4b0 e-con-full e-flex e-con e-child\" data-id=\"b7eb4b0\" data-element_type=\"container\" data-e-type=\"container\">\n\t\t<div class=\"elementor-element elementor-element-bfa4e93 e-con-full e-flex e-con e-child\" data-id=\"bfa4e93\" data-element_type=\"container\" data-e-type=\"container\" data-settings=\"{&quot;background_background&quot;:&quot;classic&quot;}\">\n\t\t\t\t<div class=\"elementor-element elementor-element-ce186f0 elementor-widget elementor-widget-houzez_elementor_section_title\" data-id=\"ce186f0\" data-element_type=\"widget\" data-e-type=\"widget\" data-widget_type=\"houzez_elementor_section_title.default\">\n\t\t\t\t<div class=\"elementor-widget-container\">\n\t\t\t\t\t            <div class=\"houzez_section_title_wrap section-title-module\">\n                                    <h2 class=\"houzez_section_title\">Gu\u00eda de compra<\/h2>\n                \n                                    <p class=\"houzez_section_subtitle\">C\u00f3mo comprar una propiedad en la Cerdanya, qu\u00e9 documentos necesita, costes e impuestos asociados a la transacci\u00f3n.<\/p>\n                            <\/div>\n            \t\t\t\t<\/div>\n\t\t\t\t<\/div>\n\t\t\t\t<div class=\"elementor-element elementor-element-fc88f82 elementor-align-center elementor-widget elementor-widget-button\" data-id=\"fc88f82\" data-element_type=\"widget\" data-e-type=\"widget\" data-widget_type=\"button.default\">\n\t\t\t\t<div class=\"elementor-widget-container\">\n\t\t\t\t\t\t\t\t\t<div class=\"elementor-button-wrapper\">\n\t\t\t\t\t<a class=\"elementor-button elementor-button-link elementor-size-sm\" href=\"https:\/\/martinezsayko.es\/ru\/guia-de-compra\/\">\n\t\t\t\t\t\t<span class=\"elementor-button-content-wrapper\">\n\t\t\t\t\t\t\t\t\t<span class=\"elementor-button-text\">Ver la gu\u00eda<\/span>\n\t\t\t\t\t<\/span>\n\t\t\t\t\t<\/a>\n\t\t\t\t<\/div>\n\t\t\t\t\t\t\t\t<\/div>\n\t\t\t\t<\/div>\n\t\t\t\t<\/div>\n\t\t<div class=\"elementor-element elementor-element-2b7b896 e-con-full e-flex e-con e-child\" data-id=\"2b7b896\" data-element_type=\"container\" data-e-type=\"container\" data-settings=\"{&quot;background_background&quot;:&quot;classic&quot;}\">\n\t\t\t\t<div class=\"elementor-element elementor-element-a28a7b8 elementor-widget elementor-widget-houzez_elementor_section_title\" data-id=\"a28a7b8\" data-element_type=\"widget\" data-e-type=\"widget\" data-widget_type=\"houzez_elementor_section_title.default\">\n\t\t\t\t<div class=\"elementor-widget-container\">\n\t\t\t\t\t            <div class=\"houzez_section_title_wrap section-title-module\">\n                                    <h2 class=\"houzez_section_title\">Gu\u00eda de Venta<\/h2>\n                \n                                    <p class=\"houzez_section_subtitle\">C\u00f3mo vender su propiedad. El proceso , los impuesto y los costes.<\/p>\n                            <\/div>\n            \t\t\t\t<\/div>\n\t\t\t\t<\/div>\n\t\t\t\t<div class=\"elementor-element elementor-element-34ff6e4 elementor-align-center elementor-widget elementor-widget-button\" data-id=\"34ff6e4\" data-element_type=\"widget\" data-e-type=\"widget\" data-widget_type=\"button.default\">\n\t\t\t\t<div class=\"elementor-widget-container\">\n\t\t\t\t\t\t\t\t\t<div class=\"elementor-button-wrapper\">\n\t\t\t\t\t<a class=\"elementor-button elementor-button-link elementor-size-sm\" href=\"https:\/\/martinezsayko.es\/ru\/guia-de-venta\/\">\n\t\t\t\t\t\t<span class=\"elementor-button-content-wrapper\">\n\t\t\t\t\t\t\t\t\t<span class=\"elementor-button-text\">Ver la gu\u00eda<\/span>\n\t\t\t\t\t<\/span>\n\t\t\t\t\t<\/a>\n\t\t\t\t<\/div>\n\t\t\t\t\t\t\t\t<\/div>\n\t\t\t\t<\/div>\n\t\t\t\t<\/div>\n\t\t<div class=\"elementor-element elementor-element-2bf4f8f e-con-full e-flex e-con e-child\" data-id=\"2bf4f8f\" data-element_type=\"container\" data-e-type=\"container\" data-settings=\"{&quot;background_background&quot;:&quot;classic&quot;}\">\n\t\t\t\t<div class=\"elementor-element elementor-element-e178796 elementor-widget elementor-widget-houzez_elementor_section_title\" data-id=\"e178796\" data-element_type=\"widget\" data-e-type=\"widget\" data-widget_type=\"houzez_elementor_section_title.default\">\n\t\t\t\t<div class=\"elementor-widget-container\">\n\t\t\t\t\t            <div class=\"houzez_section_title_wrap section-title-module\">\n                                    <h2 class=\"houzez_section_title\">Gu\u00eda del mercado <\/h2>\n                \n                                    <p class=\"houzez_section_subtitle\">Gu\u00eda del mercado inmobiliario en catalu\u00f1a<\/p>\n                            <\/div>\n            \t\t\t\t<\/div>\n\t\t\t\t<\/div>\n\t\t\t\t<div class=\"elementor-element elementor-element-ebc0bda elementor-align-center elementor-widget elementor-widget-button\" data-id=\"ebc0bda\" data-element_type=\"widget\" data-e-type=\"widget\" data-widget_type=\"button.default\">\n\t\t\t\t<div class=\"elementor-widget-container\">\n\t\t\t\t\t\t\t\t\t<div class=\"elementor-button-wrapper\">\n\t\t\t\t\t<a class=\"elementor-button elementor-button-link elementor-size-sm\" href=\"https:\/\/martinezsayko.es\/ru\/mercado-inmobiliario-en-cataluna\/\">\n\t\t\t\t\t\t<span class=\"elementor-button-content-wrapper\">\n\t\t\t\t\t\t\t\t\t<span class=\"elementor-button-text\">Ver la gu\u00eda<\/span>\n\t\t\t\t\t<\/span>\n\t\t\t\t\t<\/a>\n\t\t\t\t<\/div>\n\t\t\t\t\t\t\t\t<\/div>\n\t\t\t\t<\/div>\n\t\t\t\t<\/div>\n\t\t\t\t<\/div>\n\t\t\t\t\t<\/div>\n\t\t\t\t<\/div>\n\t\t\t\t<\/div>","protected":false},"excerpt":{"rendered":"<p>Gu\u00edas inmobiliarias en La Cerdanya \u00bfEst\u00e1s pensando en comprar o vender una propiedad en el Pirineo catal\u00e1n? Nuestras gu\u00edas inmobiliarias en La Cerdanya est\u00e1n dise\u00f1adas para acompa\u00f1arte en cada paso del proceso. Ya seas propietario o comprador, contar con informaci\u00f3n clara y pr\u00e1ctica es fundamental para tomar decisiones seguras y rentables. En Martinez &amp; Sayko [&hellip;]<\/p>\n","protected":false},"author":1,"featured_media":19820,"parent":0,"menu_order":0,"comment_status":"closed","ping_status":"closed","template":"template\/template-homepage.php","meta":{"content-type":"","_monsterinsights_skip_tracking":false,"_monsterinsights_sitenote_active":false,"_monsterinsights_sitenote_note":"","_monsterinsights_sitenote_category":0,"footnotes":""},"class_list":["post-17424","page","type-page","status-publish","has-post-thumbnail","hentry"],"yoast_head":"<!-- This site is optimized with the Yoast SEO plugin v27.5 - https:\/\/yoast.com\/product\/yoast-seo-wordpress\/ -->\n<title>gu\u00edas inmobiliarias<\/title>\n<meta name=\"description\" content=\"Gu\u00edas inmobiliarias para comprar o vender en La Cerdanya. Informaci\u00f3n clara y pr\u00e1ctica para tomar decisiones seguras y rentables.\" \/>\n<meta name=\"robots\" content=\"noindex, nofollow\" \/>\n<meta property=\"og:locale\" content=\"ru_RU\" \/>\n<meta property=\"og:type\" content=\"article\" \/>\n<meta property=\"og:title\" content=\"gu\u00edas inmobiliarias\" \/>\n<meta property=\"og:description\" content=\"Gu\u00edas inmobiliarias para comprar o vender en La Cerdanya. Informaci\u00f3n clara y pr\u00e1ctica para tomar decisiones seguras y rentables.\" \/>\n<meta property=\"og:url\" content=\"https:\/\/martinezsayko.es\/ru\/guias-inmobiliarias-en-la-cerdanya\/\" \/>\n<meta property=\"og:site_name\" content=\"Inmobiliaria en Barcelona \u2013 Compra, venta y alquiler de pisos y casas\" \/>\n<meta property=\"article:modified_time\" content=\"2025-10-03T11:29:51+00:00\" \/>\n<meta property=\"og:image\" content=\"https:\/\/martinezsayko.es\/wp-content\/uploads\/2025\/05\/Captura-de-pantalla-2025-05-05-a-las-14.07.13-1024x572.png\" \/>\n\t<meta property=\"og:image:width\" content=\"1024\" \/>\n\t<meta property=\"og:image:height\" content=\"572\" \/>\n\t<meta property=\"og:image:type\" content=\"image\/png\" \/>\n<meta name=\"twitter:card\" content=\"summary_large_image\" \/>\n<meta name=\"twitter:label1\" content=\"\u041f\u0440\u0438\u043c\u0435\u0440\u043d\u043e\u0435 \u0432\u0440\u0435\u043c\u044f \u0434\u043b\u044f \u0447\u0442\u0435\u043d\u0438\u044f\" \/>\n\t<meta name=\"twitter:data1\" content=\"2 \u043c\u0438\u043d\u0443\u0442\u044b\" \/>\n<script type=\"application\/ld+json\" class=\"yoast-schema-graph\">{\"@context\":\"https:\\\/\\\/schema.org\",\"@graph\":[{\"@type\":\"WebPage\",\"@id\":\"https:\\\/\\\/martinezsayko.es\\\/guias-inmobiliarias-en-la-cerdanya\\\/\",\"url\":\"https:\\\/\\\/martinezsayko.es\\\/guias-inmobiliarias-en-la-cerdanya\\\/\",\"name\":\"gu\u00edas inmobiliarias\",\"isPartOf\":{\"@id\":\"https:\\\/\\\/martinezsayko.es\\\/#website\"},\"primaryImageOfPage\":{\"@id\":\"https:\\\/\\\/martinezsayko.es\\\/guias-inmobiliarias-en-la-cerdanya\\\/#primaryimage\"},\"image\":{\"@id\":\"https:\\\/\\\/martinezsayko.es\\\/guias-inmobiliarias-en-la-cerdanya\\\/#primaryimage\"},\"thumbnailUrl\":\"https:\\\/\\\/martinezsayko.es\\\/wp-content\\\/uploads\\\/2025\\\/05\\\/Captura-de-pantalla-2025-05-05-a-las-14.07.13.png\",\"datePublished\":\"2020-04-06T14:39:49+00:00\",\"dateModified\":\"2025-10-03T11:29:51+00:00\",\"description\":\"Gu\u00edas inmobiliarias para comprar o vender en La Cerdanya. Informaci\u00f3n clara y pr\u00e1ctica para tomar decisiones seguras y rentables.\",\"breadcrumb\":{\"@id\":\"https:\\\/\\\/martinezsayko.es\\\/guias-inmobiliarias-en-la-cerdanya\\\/#breadcrumb\"},\"inLanguage\":\"ru-RU\",\"potentialAction\":[{\"@type\":\"ReadAction\",\"target\":[\"https:\\\/\\\/martinezsayko.es\\\/guias-inmobiliarias-en-la-cerdanya\\\/\"]}]},{\"@type\":\"ImageObject\",\"inLanguage\":\"ru-RU\",\"@id\":\"https:\\\/\\\/martinezsayko.es\\\/guias-inmobiliarias-en-la-cerdanya\\\/#primaryimage\",\"url\":\"https:\\\/\\\/martinezsayko.es\\\/wp-content\\\/uploads\\\/2025\\\/05\\\/Captura-de-pantalla-2025-05-05-a-las-14.07.13.png\",\"contentUrl\":\"https:\\\/\\\/martinezsayko.es\\\/wp-content\\\/uploads\\\/2025\\\/05\\\/Captura-de-pantalla-2025-05-05-a-las-14.07.13.png\",\"width\":1782,\"height\":996,\"caption\":\"gu\u00edas inmobiliarias en La Cerdanya\"},{\"@type\":\"BreadcrumbList\",\"@id\":\"https:\\\/\\\/martinezsayko.es\\\/guias-inmobiliarias-en-la-cerdanya\\\/#breadcrumb\",\"itemListElement\":[{\"@type\":\"ListItem\",\"position\":1,\"name\":\"Portada\",\"item\":\"https:\\\/\\\/martinezsayko.es\\\/\"},{\"@type\":\"ListItem\",\"position\":2,\"name\":\"gu\u00edas inmobiliarias\"}]},{\"@type\":\"WebSite\",\"@id\":\"https:\\\/\\\/martinezsayko.es\\\/#website\",\"url\":\"https:\\\/\\\/martinezsayko.es\\\/\",\"name\":\"martinezsayko\",\"description\":\"Especialista en propiedades exclusivas\",\"publisher\":{\"@id\":\"https:\\\/\\\/martinezsayko.es\\\/#organization\"},\"alternateName\":\"martinezsayko\",\"potentialAction\":[{\"@type\":\"SearchAction\",\"target\":{\"@type\":\"EntryPoint\",\"urlTemplate\":\"https:\\\/\\\/martinezsayko.es\\\/?s={search_term_string}\"},\"query-input\":{\"@type\":\"PropertyValueSpecification\",\"valueRequired\":true,\"valueName\":\"search_term_string\"}}],\"inLanguage\":\"ru-RU\"},{\"@type\":\"Organization\",\"@id\":\"https:\\\/\\\/martinezsayko.es\\\/#organization\",\"name\":\"martinezsayko\",\"alternateName\":\"martinezsayko\",\"url\":\"https:\\\/\\\/martinezsayko.es\\\/\",\"logo\":{\"@type\":\"ImageObject\",\"inLanguage\":\"ru-RU\",\"@id\":\"https:\\\/\\\/martinezsayko.es\\\/#\\\/schema\\\/logo\\\/image\\\/\",\"url\":\"https:\\\/\\\/martinezsayko.es\\\/wp-content\\\/uploads\\\/2023\\\/12\\\/LOGONUEVO.png\",\"contentUrl\":\"https:\\\/\\\/martinezsayko.es\\\/wp-content\\\/uploads\\\/2023\\\/12\\\/LOGONUEVO.png\",\"width\":322,\"height\":228,\"caption\":\"martinezsayko\"},\"image\":{\"@id\":\"https:\\\/\\\/martinezsayko.es\\\/#\\\/schema\\\/logo\\\/image\\\/\"},\"sameAs\":[\"https:\\\/\\\/www.linkedin.com\\\/in\\\/rafael-martinez-372a71b8\\\/\",\"https:\\\/\\\/www.instagram.com\\\/rafamartinezagente\\\/\"]}]}<\/script>\n<!-- \/ Yoast SEO plugin. -->","yoast_head_json":{"title":"gu\u00edas inmobiliarias","description":"Gu\u00edas inmobiliarias para comprar o vender en La Cerdanya. Informaci\u00f3n clara y pr\u00e1ctica para tomar decisiones seguras y rentables.","robots":{"index":"noindex","follow":"nofollow"},"og_locale":"ru_RU","og_type":"article","og_title":"gu\u00edas inmobiliarias","og_description":"Gu\u00edas inmobiliarias para comprar o vender en La Cerdanya. Informaci\u00f3n clara y pr\u00e1ctica para tomar decisiones seguras y rentables.","og_url":"https:\/\/martinezsayko.es\/ru\/guias-inmobiliarias-en-la-cerdanya\/","og_site_name":"Inmobiliaria en Barcelona \u2013 Compra, venta y alquiler de pisos y casas","article_modified_time":"2025-10-03T11:29:51+00:00","og_image":[{"width":1024,"height":572,"url":"https:\/\/martinezsayko.es\/wp-content\/uploads\/2025\/05\/Captura-de-pantalla-2025-05-05-a-las-14.07.13-1024x572.png","type":"image\/png"}],"twitter_card":"summary_large_image","twitter_misc":{"\u041f\u0440\u0438\u043c\u0435\u0440\u043d\u043e\u0435 \u0432\u0440\u0435\u043c\u044f \u0434\u043b\u044f \u0447\u0442\u0435\u043d\u0438\u044f":"2 \u043c\u0438\u043d\u0443\u0442\u044b"},"schema":{"@context":"https:\/\/schema.org","@graph":[{"@type":"WebPage","@id":"https:\/\/martinezsayko.es\/guias-inmobiliarias-en-la-cerdanya\/","url":"https:\/\/martinezsayko.es\/guias-inmobiliarias-en-la-cerdanya\/","name":"gu\u00edas inmobiliarias","isPartOf":{"@id":"https:\/\/martinezsayko.es\/#website"},"primaryImageOfPage":{"@id":"https:\/\/martinezsayko.es\/guias-inmobiliarias-en-la-cerdanya\/#primaryimage"},"image":{"@id":"https:\/\/martinezsayko.es\/guias-inmobiliarias-en-la-cerdanya\/#primaryimage"},"thumbnailUrl":"https:\/\/martinezsayko.es\/wp-content\/uploads\/2025\/05\/Captura-de-pantalla-2025-05-05-a-las-14.07.13.png","datePublished":"2020-04-06T14:39:49+00:00","dateModified":"2025-10-03T11:29:51+00:00","description":"Gu\u00edas inmobiliarias para comprar o vender en La Cerdanya. Informaci\u00f3n clara y pr\u00e1ctica para tomar decisiones seguras y rentables.","breadcrumb":{"@id":"https:\/\/martinezsayko.es\/guias-inmobiliarias-en-la-cerdanya\/#breadcrumb"},"inLanguage":"ru-RU","potentialAction":[{"@type":"ReadAction","target":["https:\/\/martinezsayko.es\/guias-inmobiliarias-en-la-cerdanya\/"]}]},{"@type":"ImageObject","inLanguage":"ru-RU","@id":"https:\/\/martinezsayko.es\/guias-inmobiliarias-en-la-cerdanya\/#primaryimage","url":"https:\/\/martinezsayko.es\/wp-content\/uploads\/2025\/05\/Captura-de-pantalla-2025-05-05-a-las-14.07.13.png","contentUrl":"https:\/\/martinezsayko.es\/wp-content\/uploads\/2025\/05\/Captura-de-pantalla-2025-05-05-a-las-14.07.13.png","width":1782,"height":996,"caption":"gu\u00edas inmobiliarias en La Cerdanya"},{"@type":"BreadcrumbList","@id":"https:\/\/martinezsayko.es\/guias-inmobiliarias-en-la-cerdanya\/#breadcrumb","itemListElement":[{"@type":"ListItem","position":1,"name":"Portada","item":"https:\/\/martinezsayko.es\/"},{"@type":"ListItem","position":2,"name":"gu\u00edas inmobiliarias"}]},{"@type":"WebSite","@id":"https:\/\/martinezsayko.es\/#website","url":"https:\/\/martinezsayko.es\/","name":"martinezsayko","description":"Especialista en propiedades exclusivas","publisher":{"@id":"https:\/\/martinezsayko.es\/#organization"},"alternateName":"martinezsayko","potentialAction":[{"@type":"SearchAction","target":{"@type":"EntryPoint","urlTemplate":"https:\/\/martinezsayko.es\/?s={search_term_string}"},"query-input":{"@type":"PropertyValueSpecification","valueRequired":true,"valueName":"search_term_string"}}],"inLanguage":"ru-RU"},{"@type":"Organization","@id":"https:\/\/martinezsayko.es\/#organization","name":"martinezsayko","alternateName":"martinezsayko","url":"https:\/\/martinezsayko.es\/","logo":{"@type":"ImageObject","inLanguage":"ru-RU","@id":"https:\/\/martinezsayko.es\/#\/schema\/logo\/image\/","url":"https:\/\/martinezsayko.es\/wp-content\/uploads\/2023\/12\/LOGONUEVO.png","contentUrl":"https:\/\/martinezsayko.es\/wp-content\/uploads\/2023\/12\/LOGONUEVO.png","width":322,"height":228,"caption":"martinezsayko"},"image":{"@id":"https:\/\/martinezsayko.es\/#\/schema\/logo\/image\/"},"sameAs":["https:\/\/www.linkedin.com\/in\/rafael-martinez-372a71b8\/","https:\/\/www.instagram.com\/rafamartinezagente\/"]}]}},"_links":{"self":[{"href":"https:\/\/martinezsayko.es\/ru\/wp-json\/wp\/v2\/pages\/17424","targetHints":{"allow":["GET"]}}],"collection":[{"href":"https:\/\/martinezsayko.es\/ru\/wp-json\/wp\/v2\/pages"}],"about":[{"href":"https:\/\/martinezsayko.es\/ru\/wp-json\/wp\/v2\/types\/page"}],"author":[{"embeddable":true,"href":"https:\/\/martinezsayko.es\/ru\/wp-json\/wp\/v2\/users\/1"}],"replies":[{"embeddable":true,"href":"https:\/\/martinezsayko.es\/ru\/wp-json\/wp\/v2\/comments?post=17424"}],"version-history":[{"count":58,"href":"https:\/\/martinezsayko.es\/ru\/wp-json\/wp\/v2\/pages\/17424\/revisions"}],"predecessor-version":[{"id":21035,"href":"https:\/\/martinezsayko.es\/ru\/wp-json\/wp\/v2\/pages\/17424\/revisions\/21035"}],"wp:featuredmedia":[{"embeddable":true,"href":"https:\/\/martinezsayko.es\/ru\/wp-json\/wp\/v2\/media\/19820"}],"wp:attachment":[{"href":"https:\/\/martinezsayko.es\/ru\/wp-json\/wp\/v2\/media?parent=17424"}],"curies":[{"name":"wp","href":"https:\/\/api.w.org\/{rel}","templated":true}]}}