
{"id":20012,"date":"2025-05-09T07:58:47","date_gmt":"2025-05-09T07:58:47","guid":{"rendered":"https:\/\/martinezsayko.es\/?page_id=20012"},"modified":"2025-05-09T08:13:02","modified_gmt":"2025-05-09T08:13:02","slug":"tu-segunda-residencia-en-la-cerdanya","status":"publish","type":"page","link":"https:\/\/martinezsayko.es\/ru\/tu-segunda-residencia-en-la-cerdanya\/","title":{"rendered":"Tu segunda residencia en La Cerdanya"},"content":{"rendered":"<div data-elementor-type=\"wp-page\" data-elementor-id=\"20012\" class=\"elementor elementor-20012\">\n\t\t\t\t<div class=\"elementor-element elementor-element-6395f2e animated-slow e-flex e-con-boxed elementor-invisible e-con e-parent\" data-id=\"6395f2e\" data-element_type=\"container\" data-e-type=\"container\" data-settings=\"{&quot;background_background&quot;:&quot;classic&quot;,&quot;animation&quot;:&quot;fadeIn&quot;}\">\n\t\t\t\t\t<div class=\"e-con-inner\">\n\t\t<div class=\"elementor-element elementor-element-98e4146 e-con-full e-flex e-con e-child\" data-id=\"98e4146\" data-element_type=\"container\" data-e-type=\"container\">\n\t\t\t\t<div class=\"elementor-element elementor-element-03c051f elementor-invisible elementor-widget elementor-widget-heading\" data-id=\"03c051f\" data-element_type=\"widget\" data-e-type=\"widget\" data-settings=\"{&quot;_animation&quot;:&quot;fadeInDown&quot;}\" data-widget_type=\"heading.default\">\n\t\t\t\t<div class=\"elementor-widget-container\">\n\t\t\t\t\t<h1 class=\"elementor-heading-title elementor-size-default\">Comprar casa en la cerdanya<\/h1>\t\t\t\t<\/div>\n\t\t\t\t<\/div>\n\t\t\t\t<\/div>\n\t\t\t\t\t<\/div>\n\t\t\t\t<\/div>\n\t\t\t\t<section class=\"elementor-section elementor-top-section elementor-element elementor-element-09038dc elementor-section-boxed elementor-section-height-default elementor-section-height-default\" data-id=\"09038dc\" data-element_type=\"section\" data-e-type=\"section\" data-settings=\"{&quot;background_background&quot;:&quot;classic&quot;}\">\n\t\t\t\t\t\t<div class=\"elementor-container elementor-column-gap-default\">\n\t\t\t\t\t<div class=\"elementor-column elementor-col-100 elementor-top-column elementor-element elementor-element-c8278ac\" data-id=\"c8278ac\" data-element_type=\"column\" data-e-type=\"column\">\n\t\t\t<div class=\"elementor-widget-wrap elementor-element-populated\">\n\t\t\t\t\t\t<div class=\"elementor-element elementor-element-3271868 elementor-widget elementor-widget-spacer\" data-id=\"3271868\" data-element_type=\"widget\" data-e-type=\"widget\" data-widget_type=\"spacer.default\">\n\t\t\t\t<div class=\"elementor-widget-container\">\n\t\t\t\t\t\t\t<div class=\"elementor-spacer\">\n\t\t\t<div class=\"elementor-spacer-inner\"><\/div>\n\t\t<\/div>\n\t\t\t\t\t\t<\/div>\n\t\t\t\t<\/div>\n\t\t\t\t<div class=\"elementor-element elementor-element-69fe9b8 elementor-widget elementor-widget-text-editor\" data-id=\"69fe9b8\" data-element_type=\"widget\" data-e-type=\"widget\" data-widget_type=\"text-editor.default\">\n\t\t\t\t<div class=\"elementor-widget-container\">\n\t\t\t\t\t\t\t\t\t<p class=\"p1\"><b>\u00bfEst\u00e1s buscando casa en La Cerdanya?<\/b><b><\/b><\/p><p class=\"p2\">Sabemos que no se trata solo de encontrar un lugar\u2026 sino de encontrar <i>tu lugar<\/i>. Ese rinc\u00f3n entre monta\u00f1as donde respirar hondo, desconectar del ruido y reconectar contigo.La casa donde ver\u00e1s nevar por primera vez en silencio. Donde tus hijos correr\u00e1n por el jard\u00edn. Donde cada fin de semana se convierte en un recuerdo.<\/p><p class=\"p2\">Si est\u00e1s buscando una vivienda en La Cerdanya \u2014ya sea un refugio para escapadas, una inversi\u00f3n con alma o tu nuevo hogar\u2014 queremos acompa\u00f1arte en este viaje.<\/p>\t\t\t\t\t\t\t\t<\/div>\n\t\t\t\t<\/div>\n\t\t\t\t<div class=\"elementor-element elementor-element-89a95a6 elementor-widget elementor-widget-spacer\" data-id=\"89a95a6\" data-element_type=\"widget\" data-e-type=\"widget\" data-widget_type=\"spacer.default\">\n\t\t\t\t<div class=\"elementor-widget-container\">\n\t\t\t\t\t\t\t<div class=\"elementor-spacer\">\n\t\t\t<div class=\"elementor-spacer-inner\"><\/div>\n\t\t<\/div>\n\t\t\t\t\t\t<\/div>\n\t\t\t\t<\/div>\n\t\t\t\t\t<\/div>\n\t\t<\/div>\n\t\t\t\t\t<\/div>\n\t\t<\/section>\n\t\t\t\t<section class=\"elementor-section elementor-top-section elementor-element elementor-element-b055055 elementor-section-boxed elementor-section-height-default elementor-section-height-default elementor-invisible\" data-id=\"b055055\" data-element_type=\"section\" data-e-type=\"section\" data-settings=\"{&quot;background_background&quot;:&quot;classic&quot;,&quot;animation&quot;:&quot;fadeIn&quot;}\">\n\t\t\t\t\t\t\t<div class=\"elementor-background-overlay\"><\/div>\n\t\t\t\t\t\t\t<div class=\"elementor-container elementor-column-gap-default\">\n\t\t\t\t\t<div class=\"elementor-column elementor-col-100 elementor-top-column elementor-element elementor-element-ffbdbf5\" data-id=\"ffbdbf5\" data-element_type=\"column\" data-e-type=\"column\">\n\t\t\t<div class=\"elementor-widget-wrap elementor-element-populated\">\n\t\t\t\t\t\t<div class=\"elementor-element elementor-element-5e1f602 elementor-widget elementor-widget-spacer\" data-id=\"5e1f602\" data-element_type=\"widget\" data-e-type=\"widget\" data-widget_type=\"spacer.default\">\n\t\t\t\t<div class=\"elementor-widget-container\">\n\t\t\t\t\t\t\t<div class=\"elementor-spacer\">\n\t\t\t<div class=\"elementor-spacer-inner\"><\/div>\n\t\t<\/div>\n\t\t\t\t\t\t<\/div>\n\t\t\t\t<\/div>\n\t\t\t\t<section class=\"elementor-section elementor-inner-section elementor-element elementor-element-cf5bfcd elementor-section-content-middle elementor-section-boxed elementor-section-height-default elementor-section-height-default\" data-id=\"cf5bfcd\" data-element_type=\"section\" data-e-type=\"section\" data-settings=\"{&quot;background_background&quot;:&quot;classic&quot;}\">\n\t\t\t\t\t\t<div class=\"elementor-container elementor-column-gap-default\">\n\t\t\t\t\t<div class=\"elementor-column elementor-col-100 elementor-inner-column elementor-element elementor-element-dfd07e9\" data-id=\"dfd07e9\" data-element_type=\"column\" data-e-type=\"column\">\n\t\t\t<div class=\"elementor-widget-wrap elementor-element-populated\">\n\t\t\t\t\t\t<div class=\"elementor-element elementor-element-77b250c elementor-widget elementor-widget-houzez_elementor_section_title\" data-id=\"77b250c\" data-element_type=\"widget\" data-e-type=\"widget\" data-widget_type=\"houzez_elementor_section_title.default\">\n\t\t\t\t<div class=\"elementor-widget-container\">\n\t\t\t\t\t            <div class=\"houzez_section_title_wrap section-title-module\">\n                                    <h2 class=\"houzez_section_title\">Cu\u00e9ntanos lo que sue\u00f1as. Rellena el formulario y te ayudaremos a encontrarlo.\n<\/h2>\n                \n                            <\/div>\n            \t\t\t\t<\/div>\n\t\t\t\t<\/div>\n\t\t\t\t<div class=\"elementor-element elementor-element-6d215f8 elementor-button-align-stretch elementor-widget elementor-widget-houzez_elementor_contact_form\" data-id=\"6d215f8\" data-element_type=\"widget\" data-e-type=\"widget\" data-widget_type=\"houzez_elementor_contact_form.default\">\n\t\t\t\t<div class=\"elementor-widget-container\">\n\t\t\t\t\t\n        <script type=\"application\/javascript\">\n            jQuery(document).bind(\"ready\", function () {\n                houzezValidateElementor(\"#houzez-form-6d215f8\" );\n            });\n        <\/script>\n\n        <form class=\"elementor-form houzez-ele-form-js\" id=\"houzez-form-6d215f8\" method=\"post\" name=\"New Form\" action=\"https:\/\/martinezsayko.es\/wp-admin\/admin-ajax.php\">\n            <input type=\"hidden\" name=\"form_id\" value=\"6d215f8\"\/>\n            <input type=\"hidden\" name=\"houzez_contact_form\" value=\"yes\"\/>\n            <input type=\"hidden\" name=\"action\" value=\"houzez_ele_contact_form\" \/>\n            <input type=\"hidden\" name=\"source_link\" value=\"https:\/\/martinezsayko.es\/ru\/tu-segunda-residencia-en-la-cerdanya\/\" \/>\n            <input type=\"hidden\" name=\"lead_page_id\" value=\"20012\" \/>\n            <input type=\"hidden\" name=\"email_to\" value=\"info@martinezsayko.es\" \/>\n            <input type=\"hidden\" name=\"email_subject\" value=\"New message from &quot;Houzez - Highly Customizable Real Estate WordPress Theme&quot;\" \/>\n            <input type=\"hidden\" name=\"email_to_cc\" value=\"\" \/>\n            <input type=\"hidden\" name=\"email_to_bcc\" value=\"\" \/>\n            <input type=\"hidden\" name=\"webhook\" value=\"false\" \/>\n            <input type=\"hidden\" name=\"webhook_url\" value=\"\" \/>\n            <input type=\"hidden\" name=\"redirect_to\" value=\"\" \/>\n            <input type=\"hidden\" name=\"google_recaptcha\" value=\"false\" \/>\n            \n\n            <div class=\"elementor-form-fields-wrapper elementor-labels-above\">\n\n                                    <div class=\"elementor-field-group elementor-column form-group elementor-field-group-name elementor-col-100\">\n                    <label for=\"form-field-name\" class=\"elementor-field-label elementor-screen-only\">Name<\/label><input type=\"text\" name=\"name\" id=\"form-field-name\" class=\"elementor-field form-control elementor-size-lg elementor-field-textual\" placeholder=\"Nombre\" title=\"* Name\">                    <\/div>\n\n                                        <div class=\"elementor-field-group elementor-column form-group elementor-field-group-email elementor-col-100 elementor-field-required\">\n                    <label for=\"form-field-email\" class=\"elementor-field-label elementor-screen-only\">Email<\/label><input type=\"email\" name=\"email\" id=\"form-field-email\" class=\"elementor-field form-control elementor-size-lg elementor-field-textual\" placeholder=\"Email\" title=\"* Email\" required=\"required\">                    <\/div>\n\n                                        <div class=\"elementor-field-group elementor-column form-group elementor-field-group-14cb1d7 elementor-col-100 elementor-field-required\">\n                    <label for=\"form-field-14cb1d7\" class=\"elementor-field-label elementor-screen-only\">Tel\u00e9fono <\/label><input type=\"text\" name=\"mobile\" id=\"form-field-14cb1d7\" class=\"elementor-field form-control elementor-size-lg elementor-field-textual\" placeholder=\"Tel\u00e9fono \" title=\"* Tel\u00e9fono \" required=\"required\">                    <\/div>\n\n                                        <div class=\"elementor-field-group elementor-column form-group elementor-field-group-7c50702 elementor-col-100\">\n                    <label for=\"form-field-7c50702\" class=\"elementor-field-label elementor-screen-only\">Mensaje<\/label><textarea class=\"elementor-field-textual elementor-field elementor-size-lg\" name=\"message\" id=\"form-field-7c50702\" rows=\"4\" placeholder=\"Mensaje\"><\/textarea>                    <\/div>\n\n                    \n                    \n                                        \n                    <div class=\"houzez-gdpr-agreement elementor-field-group elementor-col-100\">\n                        <label for=\"gdpr_agreement\" class=\"elementor-field-label\"><\/label>\n                        <div class=\"gdpr-agreement-subgroup\">\n                            <span class=\"gdpr-field-option\">\n                                <label class=\"gdpr-text\" for=\"gdpr_agreement\">\n                                    <input  type=\"checkbox\" name=\"gdpr_agreement\" id=\"gdpr_agreement\" title=\"* \">  He le\u00eddo y acepto la<a href=\"https:\/\/martinezsayko.es\/ru\/politica-de-privacidad\/\" target=\"_blank\"> Pol\u00edtica de privacidad <\/a>                                <\/label>\n                            <\/span>\n                        <\/div>             \n                    <\/div>\n                    \n                    \n                    <div class=\"elementor-field-group elementor-column elementor-field-type-submit elementor-col-100\">\n                    <button type=\"submit\" class=\"houzez-submit-button houzez-contact-form-js elementor-button elementor-size-lg\">\n                        <i class=\"btn-loader houzez-loader-js\"><\/i>\n                                                    Enviar                                            <\/button>\n                <\/div>\n            <\/div><!-- End wrapper-->\n            <br\/>\n            <div class=\"ele-form-messages\"><\/div>\n            <div class=\"error-container\"><\/div>\n\n        <\/form>\n\n    \t\t\t\t<\/div>\n\t\t\t\t<\/div>\n\t\t\t\t\t<\/div>\n\t\t<\/div>\n\t\t\t\t\t<\/div>\n\t\t<\/section>\n\t\t\t\t<div class=\"elementor-element elementor-element-aa7b536 elementor-widget elementor-widget-spacer\" data-id=\"aa7b536\" data-element_type=\"widget\" data-e-type=\"widget\" data-widget_type=\"spacer.default\">\n\t\t\t\t<div class=\"elementor-widget-container\">\n\t\t\t\t\t\t\t<div class=\"elementor-spacer\">\n\t\t\t<div class=\"elementor-spacer-inner\"><\/div>\n\t\t<\/div>\n\t\t\t\t\t\t<\/div>\n\t\t\t\t<\/div>\n\t\t\t\t\t<\/div>\n\t\t<\/div>\n\t\t\t\t\t<\/div>\n\t\t<\/section>\n\t\t\t\t<section class=\"elementor-section elementor-top-section elementor-element elementor-element-49718b7 elementor-section-boxed elementor-section-height-default elementor-section-height-default elementor-invisible\" data-id=\"49718b7\" data-element_type=\"section\" data-e-type=\"section\" data-settings=\"{&quot;background_background&quot;:&quot;gradient&quot;,&quot;animation&quot;:&quot;fadeIn&quot;}\">\n\t\t\t\t\t\t\t<div class=\"elementor-background-overlay\"><\/div>\n\t\t\t\t\t\t\t<div class=\"elementor-container elementor-column-gap-no\">\n\t\t\t\t\t<div class=\"elementor-column elementor-col-100 elementor-top-column elementor-element elementor-element-13a383d\" data-id=\"13a383d\" data-element_type=\"column\" data-e-type=\"column\">\n\t\t\t<div class=\"elementor-widget-wrap\">\n\t\t\t\t\t\t\t<\/div>\n\t\t<\/div>\n\t\t\t\t\t<\/div>\n\t\t<\/section>\n\t\t<div class=\"elementor-element elementor-element-a8af530 e-flex e-con-boxed e-con e-parent\" data-id=\"a8af530\" data-element_type=\"container\" data-e-type=\"container\">\n\t\t\t\t\t<div class=\"e-con-inner\">\n\t\t\t\t\t<\/div>\n\t\t\t\t<\/div>\n\t\t\t\t<\/div>","protected":false},"excerpt":{"rendered":"<p>Comprar casa en la cerdanya \u00bfEst\u00e1s buscando casa en La Cerdanya? Sabemos que no se trata solo de encontrar un lugar\u2026 sino de encontrar tu lugar. Ese rinc\u00f3n entre monta\u00f1as donde respirar hondo, desconectar del ruido y reconectar contigo.La casa donde ver\u00e1s nevar por primera vez en silencio. Donde tus hijos correr\u00e1n por el jard\u00edn. [&hellip;]<\/p>\n","protected":false},"author":1,"featured_media":19879,"parent":0,"menu_order":0,"comment_status":"closed","ping_status":"closed","template":"elementor_header_footer","meta":{"content-type":"","_monsterinsights_skip_tracking":false,"_monsterinsights_sitenote_active":false,"_monsterinsights_sitenote_note":"","_monsterinsights_sitenote_category":0,"footnotes":""},"class_list":["post-20012","page","type-page","status-publish","has-post-thumbnail","hentry"],"yoast_head":"<!-- This site is optimized with the Yoast SEO plugin v27.5 - https:\/\/yoast.com\/product\/yoast-seo-wordpress\/ -->\n<title>Ofrecer su propiedad<\/title>\n<meta name=\"description\" content=\"Tu segunda residencia en La Cerdanya\" \/>\n<meta name=\"robots\" content=\"index, follow, max-snippet:-1, max-image-preview:large, max-video-preview:-1\" \/>\n<link rel=\"canonical\" href=\"https:\/\/martinezsayko.es\/ru\/tu-segunda-residencia-en-la-cerdanya\/\" \/>\n<meta property=\"og:locale\" content=\"ru_RU\" \/>\n<meta property=\"og:type\" content=\"article\" \/>\n<meta property=\"og:title\" content=\"Ofrecer su propiedad\" \/>\n<meta property=\"og:description\" content=\"Tu segunda residencia en La Cerdanya\" \/>\n<meta property=\"og:url\" content=\"https:\/\/martinezsayko.es\/ru\/tu-segunda-residencia-en-la-cerdanya\/\" \/>\n<meta property=\"og:site_name\" content=\"Inmobiliaria en Barcelona \u2013 Compra, venta y alquiler de pisos y casas\" \/>\n<meta property=\"article:modified_time\" content=\"2025-05-09T08:13:02+00:00\" \/>\n<meta property=\"og:image\" content=\"https:\/\/martinezsayko.es\/wp-content\/uploads\/2025\/05\/Diseno-sin-titulo-3-1024x726.png\" \/>\n\t<meta property=\"og:image:width\" content=\"1024\" \/>\n\t<meta property=\"og:image:height\" content=\"726\" \/>\n\t<meta property=\"og:image:type\" content=\"image\/png\" \/>\n<meta name=\"twitter:card\" content=\"summary_large_image\" \/>\n<meta name=\"twitter:label1\" content=\"\u041f\u0440\u0438\u043c\u0435\u0440\u043d\u043e\u0435 \u0432\u0440\u0435\u043c\u044f \u0434\u043b\u044f \u0447\u0442\u0435\u043d\u0438\u044f\" \/>\n\t<meta name=\"twitter:data1\" content=\"1 \u043c\u0438\u043d\u0443\u0442\u0430\" \/>\n<script type=\"application\/ld+json\" class=\"yoast-schema-graph\">{\"@context\":\"https:\\\/\\\/schema.org\",\"@graph\":[{\"@type\":\"WebPage\",\"@id\":\"https:\\\/\\\/martinezsayko.es\\\/tu-segunda-residencia-en-la-cerdanya\\\/\",\"url\":\"https:\\\/\\\/martinezsayko.es\\\/tu-segunda-residencia-en-la-cerdanya\\\/\",\"name\":\"Ofrecer su propiedad\",\"isPartOf\":{\"@id\":\"https:\\\/\\\/martinezsayko.es\\\/#website\"},\"primaryImageOfPage\":{\"@id\":\"https:\\\/\\\/martinezsayko.es\\\/tu-segunda-residencia-en-la-cerdanya\\\/#primaryimage\"},\"image\":{\"@id\":\"https:\\\/\\\/martinezsayko.es\\\/tu-segunda-residencia-en-la-cerdanya\\\/#primaryimage\"},\"thumbnailUrl\":\"https:\\\/\\\/martinezsayko.es\\\/wp-content\\\/uploads\\\/2025\\\/05\\\/Diseno-sin-titulo-3.png\",\"datePublished\":\"2025-05-09T07:58:47+00:00\",\"dateModified\":\"2025-05-09T08:13:02+00:00\",\"description\":\"Tu segunda residencia en La Cerdanya\",\"breadcrumb\":{\"@id\":\"https:\\\/\\\/martinezsayko.es\\\/tu-segunda-residencia-en-la-cerdanya\\\/#breadcrumb\"},\"inLanguage\":\"ru-RU\",\"potentialAction\":[{\"@type\":\"ReadAction\",\"target\":[\"https:\\\/\\\/martinezsayko.es\\\/tu-segunda-residencia-en-la-cerdanya\\\/\"]}]},{\"@type\":\"ImageObject\",\"inLanguage\":\"ru-RU\",\"@id\":\"https:\\\/\\\/martinezsayko.es\\\/tu-segunda-residencia-en-la-cerdanya\\\/#primaryimage\",\"url\":\"https:\\\/\\\/martinezsayko.es\\\/wp-content\\\/uploads\\\/2025\\\/05\\\/Diseno-sin-titulo-3.png\",\"contentUrl\":\"https:\\\/\\\/martinezsayko.es\\\/wp-content\\\/uploads\\\/2025\\\/05\\\/Diseno-sin-titulo-3.png\",\"width\":1748,\"height\":1240,\"caption\":\"Vender casa en la Cerdanya: obt\u00e9n el mejor precio por tu propiedad\"},{\"@type\":\"BreadcrumbList\",\"@id\":\"https:\\\/\\\/martinezsayko.es\\\/tu-segunda-residencia-en-la-cerdanya\\\/#breadcrumb\",\"itemListElement\":[{\"@type\":\"ListItem\",\"position\":1,\"name\":\"Portada\",\"item\":\"https:\\\/\\\/martinezsayko.es\\\/\"},{\"@type\":\"ListItem\",\"position\":2,\"name\":\"Tu segunda residencia en La Cerdanya\"}]},{\"@type\":\"WebSite\",\"@id\":\"https:\\\/\\\/martinezsayko.es\\\/#website\",\"url\":\"https:\\\/\\\/martinezsayko.es\\\/\",\"name\":\"martinezsayko\",\"description\":\"Especialista en propiedades exclusivas\",\"publisher\":{\"@id\":\"https:\\\/\\\/martinezsayko.es\\\/#organization\"},\"alternateName\":\"martinezsayko\",\"potentialAction\":[{\"@type\":\"SearchAction\",\"target\":{\"@type\":\"EntryPoint\",\"urlTemplate\":\"https:\\\/\\\/martinezsayko.es\\\/?s={search_term_string}\"},\"query-input\":{\"@type\":\"PropertyValueSpecification\",\"valueRequired\":true,\"valueName\":\"search_term_string\"}}],\"inLanguage\":\"ru-RU\"},{\"@type\":\"Organization\",\"@id\":\"https:\\\/\\\/martinezsayko.es\\\/#organization\",\"name\":\"martinezsayko\",\"alternateName\":\"martinezsayko\",\"url\":\"https:\\\/\\\/martinezsayko.es\\\/\",\"logo\":{\"@type\":\"ImageObject\",\"inLanguage\":\"ru-RU\",\"@id\":\"https:\\\/\\\/martinezsayko.es\\\/#\\\/schema\\\/logo\\\/image\\\/\",\"url\":\"https:\\\/\\\/martinezsayko.es\\\/wp-content\\\/uploads\\\/2023\\\/12\\\/LOGONUEVO.png\",\"contentUrl\":\"https:\\\/\\\/martinezsayko.es\\\/wp-content\\\/uploads\\\/2023\\\/12\\\/LOGONUEVO.png\",\"width\":322,\"height\":228,\"caption\":\"martinezsayko\"},\"image\":{\"@id\":\"https:\\\/\\\/martinezsayko.es\\\/#\\\/schema\\\/logo\\\/image\\\/\"},\"sameAs\":[\"https:\\\/\\\/www.linkedin.com\\\/in\\\/rafael-martinez-372a71b8\\\/\",\"https:\\\/\\\/www.instagram.com\\\/rafamartinezagente\\\/\"]}]}<\/script>\n<!-- \/ Yoast SEO plugin. -->","yoast_head_json":{"title":"Ofrecer su propiedad","description":"Tu segunda residencia en La Cerdanya","robots":{"index":"index","follow":"follow","max-snippet":"max-snippet:-1","max-image-preview":"max-image-preview:large","max-video-preview":"max-video-preview:-1"},"canonical":"https:\/\/martinezsayko.es\/ru\/tu-segunda-residencia-en-la-cerdanya\/","og_locale":"ru_RU","og_type":"article","og_title":"Ofrecer su propiedad","og_description":"Tu segunda residencia en La Cerdanya","og_url":"https:\/\/martinezsayko.es\/ru\/tu-segunda-residencia-en-la-cerdanya\/","og_site_name":"Inmobiliaria en Barcelona \u2013 Compra, venta y alquiler de pisos y casas","article_modified_time":"2025-05-09T08:13:02+00:00","og_image":[{"width":1024,"height":726,"url":"https:\/\/martinezsayko.es\/wp-content\/uploads\/2025\/05\/Diseno-sin-titulo-3-1024x726.png","type":"image\/png"}],"twitter_card":"summary_large_image","twitter_misc":{"\u041f\u0440\u0438\u043c\u0435\u0440\u043d\u043e\u0435 \u0432\u0440\u0435\u043c\u044f \u0434\u043b\u044f \u0447\u0442\u0435\u043d\u0438\u044f":"1 \u043c\u0438\u043d\u0443\u0442\u0430"},"schema":{"@context":"https:\/\/schema.org","@graph":[{"@type":"WebPage","@id":"https:\/\/martinezsayko.es\/tu-segunda-residencia-en-la-cerdanya\/","url":"https:\/\/martinezsayko.es\/tu-segunda-residencia-en-la-cerdanya\/","name":"Ofrecer su propiedad","isPartOf":{"@id":"https:\/\/martinezsayko.es\/#website"},"primaryImageOfPage":{"@id":"https:\/\/martinezsayko.es\/tu-segunda-residencia-en-la-cerdanya\/#primaryimage"},"image":{"@id":"https:\/\/martinezsayko.es\/tu-segunda-residencia-en-la-cerdanya\/#primaryimage"},"thumbnailUrl":"https:\/\/martinezsayko.es\/wp-content\/uploads\/2025\/05\/Diseno-sin-titulo-3.png","datePublished":"2025-05-09T07:58:47+00:00","dateModified":"2025-05-09T08:13:02+00:00","description":"Tu segunda residencia en La Cerdanya","breadcrumb":{"@id":"https:\/\/martinezsayko.es\/tu-segunda-residencia-en-la-cerdanya\/#breadcrumb"},"inLanguage":"ru-RU","potentialAction":[{"@type":"ReadAction","target":["https:\/\/martinezsayko.es\/tu-segunda-residencia-en-la-cerdanya\/"]}]},{"@type":"ImageObject","inLanguage":"ru-RU","@id":"https:\/\/martinezsayko.es\/tu-segunda-residencia-en-la-cerdanya\/#primaryimage","url":"https:\/\/martinezsayko.es\/wp-content\/uploads\/2025\/05\/Diseno-sin-titulo-3.png","contentUrl":"https:\/\/martinezsayko.es\/wp-content\/uploads\/2025\/05\/Diseno-sin-titulo-3.png","width":1748,"height":1240,"caption":"Vender casa en la Cerdanya: obt\u00e9n el mejor precio por tu propiedad"},{"@type":"BreadcrumbList","@id":"https:\/\/martinezsayko.es\/tu-segunda-residencia-en-la-cerdanya\/#breadcrumb","itemListElement":[{"@type":"ListItem","position":1,"name":"Portada","item":"https:\/\/martinezsayko.es\/"},{"@type":"ListItem","position":2,"name":"Tu segunda residencia en La Cerdanya"}]},{"@type":"WebSite","@id":"https:\/\/martinezsayko.es\/#website","url":"https:\/\/martinezsayko.es\/","name":"martinezsayko","description":"Especialista en propiedades exclusivas","publisher":{"@id":"https:\/\/martinezsayko.es\/#organization"},"alternateName":"martinezsayko","potentialAction":[{"@type":"SearchAction","target":{"@type":"EntryPoint","urlTemplate":"https:\/\/martinezsayko.es\/?s={search_term_string}"},"query-input":{"@type":"PropertyValueSpecification","valueRequired":true,"valueName":"search_term_string"}}],"inLanguage":"ru-RU"},{"@type":"Organization","@id":"https:\/\/martinezsayko.es\/#organization","name":"martinezsayko","alternateName":"martinezsayko","url":"https:\/\/martinezsayko.es\/","logo":{"@type":"ImageObject","inLanguage":"ru-RU","@id":"https:\/\/martinezsayko.es\/#\/schema\/logo\/image\/","url":"https:\/\/martinezsayko.es\/wp-content\/uploads\/2023\/12\/LOGONUEVO.png","contentUrl":"https:\/\/martinezsayko.es\/wp-content\/uploads\/2023\/12\/LOGONUEVO.png","width":322,"height":228,"caption":"martinezsayko"},"image":{"@id":"https:\/\/martinezsayko.es\/#\/schema\/logo\/image\/"},"sameAs":["https:\/\/www.linkedin.com\/in\/rafael-martinez-372a71b8\/","https:\/\/www.instagram.com\/rafamartinezagente\/"]}]}},"_links":{"self":[{"href":"https:\/\/martinezsayko.es\/ru\/wp-json\/wp\/v2\/pages\/20012","targetHints":{"allow":["GET"]}}],"collection":[{"href":"https:\/\/martinezsayko.es\/ru\/wp-json\/wp\/v2\/pages"}],"about":[{"href":"https:\/\/martinezsayko.es\/ru\/wp-json\/wp\/v2\/types\/page"}],"author":[{"embeddable":true,"href":"https:\/\/martinezsayko.es\/ru\/wp-json\/wp\/v2\/users\/1"}],"replies":[{"embeddable":true,"href":"https:\/\/martinezsayko.es\/ru\/wp-json\/wp\/v2\/comments?post=20012"}],"version-history":[{"count":14,"href":"https:\/\/martinezsayko.es\/ru\/wp-json\/wp\/v2\/pages\/20012\/revisions"}],"predecessor-version":[{"id":20031,"href":"https:\/\/martinezsayko.es\/ru\/wp-json\/wp\/v2\/pages\/20012\/revisions\/20031"}],"wp:featuredmedia":[{"embeddable":true,"href":"https:\/\/martinezsayko.es\/ru\/wp-json\/wp\/v2\/media\/19879"}],"wp:attachment":[{"href":"https:\/\/martinezsayko.es\/ru\/wp-json\/wp\/v2\/media?parent=20012"}],"curies":[{"name":"wp","href":"https:\/\/api.w.org\/{rel}","templated":true}]}}