
{"id":20143,"date":"2025-05-12T16:03:49","date_gmt":"2025-05-12T16:03:49","guid":{"rendered":"https:\/\/martinezsayko.es\/?page_id=20143"},"modified":"2025-06-22T13:45:33","modified_gmt":"2025-06-22T13:45:33","slug":"mercado-inmobiliario-en-cataluna","status":"publish","type":"page","link":"https:\/\/martinezsayko.es\/ru\/mercado-inmobiliario-en-cataluna\/","title":{"rendered":"Mercado inmobiliario en Catalu\u00f1a"},"content":{"rendered":"<div data-elementor-type=\"wp-page\" data-elementor-id=\"20143\" class=\"elementor elementor-20143\">\n\t\t\t\t<div class=\"elementor-element elementor-element-f0a759b e-flex e-con-boxed e-con e-parent\" data-id=\"f0a759b\" data-element_type=\"container\" data-e-type=\"container\" data-settings=\"{&quot;background_background&quot;:&quot;classic&quot;}\">\n\t\t\t\t\t<div class=\"e-con-inner\">\n\t\t\t\t<div class=\"elementor-element elementor-element-f524014 elementor-widget elementor-widget-heading\" data-id=\"f524014\" data-element_type=\"widget\" data-e-type=\"widget\" data-widget_type=\"heading.default\">\n\t\t\t\t<div class=\"elementor-widget-container\">\n\t\t\t\t\t<h2 class=\"elementor-heading-title elementor-size-default\">Mercado inmobiliario en catalu\u00f1a 2024<\/h2>\t\t\t\t<\/div>\n\t\t\t\t<\/div>\n\t\t\t\t\t<\/div>\n\t\t\t\t<\/div>\n\t\t<div class=\"elementor-element elementor-element-f6b6db4 e-flex e-con-boxed e-con e-parent\" data-id=\"f6b6db4\" data-element_type=\"container\" data-e-type=\"container\" data-settings=\"{&quot;background_background&quot;:&quot;classic&quot;}\">\n\t\t\t\t\t<div class=\"e-con-inner\">\n\t\t<div class=\"elementor-element elementor-element-d112321 e-con-full e-flex e-con e-child\" data-id=\"d112321\" data-element_type=\"container\" data-e-type=\"container\">\n\t\t\t\t<div class=\"elementor-element elementor-element-39f5f45 elementor-widget elementor-widget-image\" data-id=\"39f5f45\" data-element_type=\"widget\" data-e-type=\"widget\" data-widget_type=\"image.default\">\n\t\t\t\t<div class=\"elementor-widget-container\">\n\t\t\t\t\t\t\t\t\t\t\t\t\t\t\t<img fetchpriority=\"high\" decoding=\"async\" width=\"1024\" height=\"508\" src=\"https:\/\/martinezsayko.es\/wp-content\/uploads\/2025\/05\/image-1024x508.png\" class=\"attachment-large size-large wp-image-20159\" alt=\"\" srcset=\"https:\/\/martinezsayko.es\/wp-content\/uploads\/2025\/05\/image-1024x508.png 1024w, https:\/\/martinezsayko.es\/wp-content\/uploads\/2025\/05\/image-300x149.png 300w, https:\/\/martinezsayko.es\/wp-content\/uploads\/2025\/05\/image-768x381.png 768w, https:\/\/martinezsayko.es\/wp-content\/uploads\/2025\/05\/image-1536x762.png 1536w, https:\/\/martinezsayko.es\/wp-content\/uploads\/2025\/05\/image-2048x1016.png 2048w, https:\/\/martinezsayko.es\/wp-content\/uploads\/2025\/05\/image-18x9.png 18w, https:\/\/martinezsayko.es\/wp-content\/uploads\/2025\/05\/image-1210x600.png 1210w, https:\/\/martinezsayko.es\/wp-content\/uploads\/2025\/05\/image-496x246.png 496w\" sizes=\"(max-width: 1024px) 100vw, 1024px\" \/>\t\t\t\t\t\t\t\t\t\t\t\t\t\t\t<\/div>\n\t\t\t\t<\/div>\n\t\t\t\t<\/div>\n\t\t<div class=\"elementor-element elementor-element-0c6ca6a e-con-full e-flex e-con e-child\" data-id=\"0c6ca6a\" data-element_type=\"container\" data-e-type=\"container\">\n\t\t\t\t<div class=\"elementor-element elementor-element-390c3f4 elementor-widget elementor-widget-image\" data-id=\"390c3f4\" data-element_type=\"widget\" data-e-type=\"widget\" data-widget_type=\"image.default\">\n\t\t\t\t<div class=\"elementor-widget-container\">\n\t\t\t\t\t\t\t\t\t\t\t\t\t\t\t<img decoding=\"async\" width=\"1024\" height=\"312\" src=\"https:\/\/martinezsayko.es\/wp-content\/uploads\/2025\/05\/2-1024x312.png\" class=\"attachment-large size-large wp-image-20160\" alt=\"\" srcset=\"https:\/\/martinezsayko.es\/wp-content\/uploads\/2025\/05\/2-1024x312.png 1024w, https:\/\/martinezsayko.es\/wp-content\/uploads\/2025\/05\/2-300x91.png 300w, https:\/\/martinezsayko.es\/wp-content\/uploads\/2025\/05\/2-768x234.png 768w, https:\/\/martinezsayko.es\/wp-content\/uploads\/2025\/05\/2-1536x468.png 1536w, https:\/\/martinezsayko.es\/wp-content\/uploads\/2025\/05\/2-2048x624.png 2048w, https:\/\/martinezsayko.es\/wp-content\/uploads\/2025\/05\/2-18x5.png 18w, https:\/\/martinezsayko.es\/wp-content\/uploads\/2025\/05\/2-1969x600.png 1969w, https:\/\/martinezsayko.es\/wp-content\/uploads\/2025\/05\/2-496x151.png 496w\" sizes=\"(max-width: 1024px) 100vw, 1024px\" \/>\t\t\t\t\t\t\t\t\t\t\t\t\t\t\t<\/div>\n\t\t\t\t<\/div>\n\t\t\t\t<\/div>\n\t\t\t\t\t<\/div>\n\t\t\t\t<\/div>\n\t\t<div class=\"elementor-element elementor-element-a4ab73f e-flex e-con-boxed e-con e-parent\" data-id=\"a4ab73f\" data-element_type=\"container\" data-e-type=\"container\">\n\t\t\t\t\t<div class=\"e-con-inner\">\n\t\t\t\t<div class=\"elementor-element elementor-element-bc6372e elementor-widget elementor-widget-heading\" data-id=\"bc6372e\" data-element_type=\"widget\" data-e-type=\"widget\" data-widget_type=\"heading.default\">\n\t\t\t\t<div class=\"elementor-widget-container\">\n\t\t\t\t\t<h2 class=\"elementor-heading-title elementor-size-default\">Evoluci\u00f3n de transacciones inmobiliarias en Catalu\u00f1a 2024<\/h2>\t\t\t\t<\/div>\n\t\t\t\t<\/div>\n\t\t\t\t\t<\/div>\n\t\t\t\t<\/div>\n\t\t<div class=\"elementor-element elementor-element-ef31606 e-flex e-con-boxed e-con e-parent\" data-id=\"ef31606\" data-element_type=\"container\" data-e-type=\"container\">\n\t\t\t\t\t<div class=\"e-con-inner\">\n\t\t<div class=\"elementor-element elementor-element-9987a14 e-con-full e-flex e-con e-child\" data-id=\"9987a14\" data-element_type=\"container\" data-e-type=\"container\">\n\t\t\t\t<div class=\"elementor-element elementor-element-7858775 elementor-widget elementor-widget-image\" data-id=\"7858775\" data-element_type=\"widget\" data-e-type=\"widget\" data-widget_type=\"image.default\">\n\t\t\t\t<div class=\"elementor-widget-container\">\n\t\t\t\t\t\t\t\t\t\t\t\t\t\t\t<img decoding=\"async\" width=\"1024\" height=\"766\" src=\"https:\/\/martinezsayko.es\/wp-content\/uploads\/2025\/05\/Captura-de-pantalla-2025-05-12-a-las-19.55.01.png\" class=\"attachment-large size-large wp-image-20178\" alt=\"\" srcset=\"https:\/\/martinezsayko.es\/wp-content\/uploads\/2025\/05\/Captura-de-pantalla-2025-05-12-a-las-19.55.01.png 2354w, https:\/\/martinezsayko.es\/wp-content\/uploads\/2025\/05\/Captura-de-pantalla-2025-05-12-a-las-19.55.01-300x225.png 300w\" sizes=\"(max-width: 1024px) 100vw, 1024px\" \/>\t\t\t\t\t\t\t\t\t\t\t\t\t\t\t<\/div>\n\t\t\t\t<\/div>\n\t\t\t\t<\/div>\n\t\t<div class=\"elementor-element elementor-element-a6e77c6 e-con-full e-flex e-con e-child\" data-id=\"a6e77c6\" data-element_type=\"container\" data-e-type=\"container\">\n\t\t\t\t<div class=\"elementor-element elementor-element-4bd04e5 elementor-widget elementor-widget-text-editor\" data-id=\"4bd04e5\" data-element_type=\"widget\" data-e-type=\"widget\" data-widget_type=\"text-editor.default\">\n\t\t\t\t<div class=\"elementor-widget-container\">\n\t\t\t\t\t\t\t\t\t<p data-start=\"99\" data-end=\"500\">El <strong data-start=\"102\" data-end=\"158\">Ministerio de Transportes, Movilidad y Agenda Urbana<\/strong> (anteriormente Ministerio de Fomento) publica de forma <strong data-start=\"214\" data-end=\"228\">trimestral<\/strong> en su p\u00e1gina web un informe detallado sobre el n\u00famero de <strong data-start=\"286\" data-end=\"317\">transacciones inmobiliarias<\/strong> realizadas en todo el territorio espa\u00f1ol. Esta informaci\u00f3n, de acceso p\u00fablico, puede consultarse online y resulta de gran utilidad para conocer la evoluci\u00f3n del mercado inmobiliario.<\/p><p data-start=\"502\" data-end=\"883\">En este art\u00edculo, presentamos un <strong data-start=\"535\" data-end=\"651\">resumen espec\u00edfico de las compraventas de viviendas registradas en la comarca de la Cerdanya durante el a\u00f1o 2024<\/strong>. Analizar estos datos permite observar con mayor claridad <strong data-start=\"710\" data-end=\"749\">las tendencias actuales del mercado<\/strong>, identificar las zonas con <strong data-start=\"777\" data-end=\"806\">mayor dinamismo en ventas<\/strong> y detectar posibles cambios en la <strong data-start=\"841\" data-end=\"882\">demanda o el valor de las propiedades<\/strong>.<\/p><p data-start=\"885\" data-end=\"1156\">Este an\u00e1lisis no solo ofrece una visi\u00f3n general del comportamiento del sector inmobiliario en la regi\u00f3n, sino que tambi\u00e9n constituye una herramienta valiosa tanto para <strong data-start=\"1053\" data-end=\"1067\">inversores<\/strong> como para <strong data-start=\"1078\" data-end=\"1140\">particulares interesados en comprar o vender una propiedad<\/strong> en la Cerdanya.<\/p><p data-start=\"1158\" data-end=\"1192\">A lo largo del informe destacamos:<\/p><ul data-start=\"1194\" data-end=\"1355\"><li data-start=\"1194\" data-end=\"1250\"><p data-start=\"1196\" data-end=\"1250\">El n\u00famero total de viviendas vendidas por trimestre.<\/p><\/li><li data-start=\"1251\" data-end=\"1281\"><p data-start=\"1253\" data-end=\"1281\">Comparativas interanuales.<\/p><\/li><li data-start=\"1282\" data-end=\"1314\"><p data-start=\"1284\" data-end=\"1314\">Distribuci\u00f3n por municipios.<\/p><\/li><\/ul><p data-start=\"1357\" data-end=\"1597\">Con estos datos, es posible obtener una perspectiva clara sobre <strong data-start=\"1421\" data-end=\"1465\">qu\u00e9 municipios presentan mayor actividad<\/strong>, c\u00f3mo ha evolucionado el mercado respecto a a\u00f1os anteriores y cu\u00e1les podr\u00edan ser las zonas emergentes con potencial de crecimiento.<\/p>\t\t\t\t\t\t\t\t<\/div>\n\t\t\t\t<\/div>\n\t\t\t\t<\/div>\n\t\t\t\t\t<\/div>\n\t\t\t\t<\/div>\n\t\t\t\t<\/div>","protected":false},"excerpt":{"rendered":"<p>Mercado inmobiliario en catalu\u00f1a 2024 Evoluci\u00f3n de transacciones inmobiliarias en Catalu\u00f1a 2024 El Ministerio de Transportes, Movilidad y Agenda Urbana (anteriormente Ministerio de Fomento) publica de forma trimestral en su p\u00e1gina web un informe detallado sobre el n\u00famero de transacciones inmobiliarias realizadas en todo el territorio espa\u00f1ol. Esta informaci\u00f3n, de acceso p\u00fablico, puede consultarse online [&hellip;]<\/p>\n","protected":false},"author":1,"featured_media":0,"parent":0,"menu_order":0,"comment_status":"closed","ping_status":"closed","template":"template\/template-homepage.php","meta":{"content-type":"","_monsterinsights_skip_tracking":false,"_monsterinsights_sitenote_active":false,"_monsterinsights_sitenote_note":"","_monsterinsights_sitenote_category":0,"footnotes":""},"class_list":["post-20143","page","type-page","status-publish","hentry"],"yoast_head":"<!-- This site is optimized with the Yoast SEO plugin v27.5 - https:\/\/yoast.com\/product\/yoast-seo-wordpress\/ -->\n<title>Mercado inmobiliario en Catalu\u00f1a<\/title>\n<meta name=\"description\" content=\"Mercado inmobiliario en catalu\u00f1a 2024 Evoluci\u00f3n de transacciones inmobiliarias en Catalu\u00f1a 2024 El Ministerio de Transportes, Movilidad y Agenda Urbana\" \/>\n<meta name=\"robots\" content=\"index, follow, max-snippet:-1, max-image-preview:large, max-video-preview:-1\" \/>\n<link rel=\"canonical\" href=\"https:\/\/martinezsayko.es\/ru\/mercado-inmobiliario-en-cataluna\/\" \/>\n<meta property=\"og:locale\" content=\"ru_RU\" \/>\n<meta property=\"og:type\" content=\"article\" \/>\n<meta property=\"og:title\" content=\"Mercado inmobiliario en Catalu\u00f1a\" \/>\n<meta property=\"og:description\" content=\"Mercado inmobiliario en catalu\u00f1a 2024 Evoluci\u00f3n de transacciones inmobiliarias en Catalu\u00f1a 2024 El Ministerio de Transportes, Movilidad y Agenda Urbana\" \/>\n<meta property=\"og:url\" content=\"https:\/\/martinezsayko.es\/ru\/mercado-inmobiliario-en-cataluna\/\" \/>\n<meta property=\"og:site_name\" content=\"Inmobiliaria en Barcelona \u2013 Compra, venta y alquiler de pisos y casas\" \/>\n<meta property=\"article:modified_time\" content=\"2025-06-22T13:45:33+00:00\" \/>\n<meta property=\"og:image\" content=\"https:\/\/martinezsayko.es\/wp-content\/uploads\/2025\/05\/image-1024x508.png\" \/>\n<meta name=\"twitter:card\" content=\"summary_large_image\" \/>\n<meta name=\"twitter:label1\" content=\"\u041f\u0440\u0438\u043c\u0435\u0440\u043d\u043e\u0435 \u0432\u0440\u0435\u043c\u044f \u0434\u043b\u044f \u0447\u0442\u0435\u043d\u0438\u044f\" \/>\n\t<meta name=\"twitter:data1\" content=\"2 \u043c\u0438\u043d\u0443\u0442\u044b\" \/>\n<script type=\"application\/ld+json\" class=\"yoast-schema-graph\">{\"@context\":\"https:\\\/\\\/schema.org\",\"@graph\":[{\"@type\":\"WebPage\",\"@id\":\"https:\\\/\\\/martinezsayko.es\\\/mercado-inmobiliario-en-cataluna\\\/\",\"url\":\"https:\\\/\\\/martinezsayko.es\\\/mercado-inmobiliario-en-cataluna\\\/\",\"name\":\"Mercado inmobiliario en Catalu\u00f1a\",\"isPartOf\":{\"@id\":\"https:\\\/\\\/martinezsayko.es\\\/#website\"},\"primaryImageOfPage\":{\"@id\":\"https:\\\/\\\/martinezsayko.es\\\/mercado-inmobiliario-en-cataluna\\\/#primaryimage\"},\"image\":{\"@id\":\"https:\\\/\\\/martinezsayko.es\\\/mercado-inmobiliario-en-cataluna\\\/#primaryimage\"},\"thumbnailUrl\":\"https:\\\/\\\/martinezsayko.es\\\/wp-content\\\/uploads\\\/2025\\\/05\\\/image-1024x508.png\",\"datePublished\":\"2025-05-12T16:03:49+00:00\",\"dateModified\":\"2025-06-22T13:45:33+00:00\",\"description\":\"Mercado inmobiliario en catalu\u00f1a 2024 Evoluci\u00f3n de transacciones inmobiliarias en Catalu\u00f1a 2024 El Ministerio de Transportes, Movilidad y Agenda Urbana\",\"breadcrumb\":{\"@id\":\"https:\\\/\\\/martinezsayko.es\\\/mercado-inmobiliario-en-cataluna\\\/#breadcrumb\"},\"inLanguage\":\"ru-RU\",\"potentialAction\":[{\"@type\":\"ReadAction\",\"target\":[\"https:\\\/\\\/martinezsayko.es\\\/mercado-inmobiliario-en-cataluna\\\/\"]}]},{\"@type\":\"ImageObject\",\"inLanguage\":\"ru-RU\",\"@id\":\"https:\\\/\\\/martinezsayko.es\\\/mercado-inmobiliario-en-cataluna\\\/#primaryimage\",\"url\":\"https:\\\/\\\/martinezsayko.es\\\/wp-content\\\/uploads\\\/2025\\\/05\\\/image-1024x508.png\",\"contentUrl\":\"https:\\\/\\\/martinezsayko.es\\\/wp-content\\\/uploads\\\/2025\\\/05\\\/image-1024x508.png\"},{\"@type\":\"BreadcrumbList\",\"@id\":\"https:\\\/\\\/martinezsayko.es\\\/mercado-inmobiliario-en-cataluna\\\/#breadcrumb\",\"itemListElement\":[{\"@type\":\"ListItem\",\"position\":1,\"name\":\"Portada\",\"item\":\"https:\\\/\\\/martinezsayko.es\\\/\"},{\"@type\":\"ListItem\",\"position\":2,\"name\":\"Mercado inmobiliario en Catalu\u00f1a\"}]},{\"@type\":\"WebSite\",\"@id\":\"https:\\\/\\\/martinezsayko.es\\\/#website\",\"url\":\"https:\\\/\\\/martinezsayko.es\\\/\",\"name\":\"martinezsayko\",\"description\":\"Especialista en propiedades exclusivas\",\"publisher\":{\"@id\":\"https:\\\/\\\/martinezsayko.es\\\/#organization\"},\"alternateName\":\"martinezsayko\",\"potentialAction\":[{\"@type\":\"SearchAction\",\"target\":{\"@type\":\"EntryPoint\",\"urlTemplate\":\"https:\\\/\\\/martinezsayko.es\\\/?s={search_term_string}\"},\"query-input\":{\"@type\":\"PropertyValueSpecification\",\"valueRequired\":true,\"valueName\":\"search_term_string\"}}],\"inLanguage\":\"ru-RU\"},{\"@type\":\"Organization\",\"@id\":\"https:\\\/\\\/martinezsayko.es\\\/#organization\",\"name\":\"martinezsayko\",\"alternateName\":\"martinezsayko\",\"url\":\"https:\\\/\\\/martinezsayko.es\\\/\",\"logo\":{\"@type\":\"ImageObject\",\"inLanguage\":\"ru-RU\",\"@id\":\"https:\\\/\\\/martinezsayko.es\\\/#\\\/schema\\\/logo\\\/image\\\/\",\"url\":\"https:\\\/\\\/martinezsayko.es\\\/wp-content\\\/uploads\\\/2023\\\/12\\\/LOGONUEVO.png\",\"contentUrl\":\"https:\\\/\\\/martinezsayko.es\\\/wp-content\\\/uploads\\\/2023\\\/12\\\/LOGONUEVO.png\",\"width\":322,\"height\":228,\"caption\":\"martinezsayko\"},\"image\":{\"@id\":\"https:\\\/\\\/martinezsayko.es\\\/#\\\/schema\\\/logo\\\/image\\\/\"},\"sameAs\":[\"https:\\\/\\\/www.linkedin.com\\\/in\\\/rafael-martinez-372a71b8\\\/\",\"https:\\\/\\\/www.instagram.com\\\/rafamartinezagente\\\/\"]}]}<\/script>\n<!-- \/ Yoast SEO plugin. -->","yoast_head_json":{"title":"Mercado inmobiliario en Catalu\u00f1a","description":"Mercado inmobiliario en catalu\u00f1a 2024 Evoluci\u00f3n de transacciones inmobiliarias en Catalu\u00f1a 2024 El Ministerio de Transportes, Movilidad y Agenda Urbana","robots":{"index":"index","follow":"follow","max-snippet":"max-snippet:-1","max-image-preview":"max-image-preview:large","max-video-preview":"max-video-preview:-1"},"canonical":"https:\/\/martinezsayko.es\/ru\/mercado-inmobiliario-en-cataluna\/","og_locale":"ru_RU","og_type":"article","og_title":"Mercado inmobiliario en Catalu\u00f1a","og_description":"Mercado inmobiliario en catalu\u00f1a 2024 Evoluci\u00f3n de transacciones inmobiliarias en Catalu\u00f1a 2024 El Ministerio de Transportes, Movilidad y Agenda Urbana","og_url":"https:\/\/martinezsayko.es\/ru\/mercado-inmobiliario-en-cataluna\/","og_site_name":"Inmobiliaria en Barcelona \u2013 Compra, venta y alquiler de pisos y casas","article_modified_time":"2025-06-22T13:45:33+00:00","og_image":[{"url":"https:\/\/martinezsayko.es\/wp-content\/uploads\/2025\/05\/image-1024x508.png","type":"","width":"","height":""}],"twitter_card":"summary_large_image","twitter_misc":{"\u041f\u0440\u0438\u043c\u0435\u0440\u043d\u043e\u0435 \u0432\u0440\u0435\u043c\u044f \u0434\u043b\u044f \u0447\u0442\u0435\u043d\u0438\u044f":"2 \u043c\u0438\u043d\u0443\u0442\u044b"},"schema":{"@context":"https:\/\/schema.org","@graph":[{"@type":"WebPage","@id":"https:\/\/martinezsayko.es\/mercado-inmobiliario-en-cataluna\/","url":"https:\/\/martinezsayko.es\/mercado-inmobiliario-en-cataluna\/","name":"Mercado inmobiliario en Catalu\u00f1a","isPartOf":{"@id":"https:\/\/martinezsayko.es\/#website"},"primaryImageOfPage":{"@id":"https:\/\/martinezsayko.es\/mercado-inmobiliario-en-cataluna\/#primaryimage"},"image":{"@id":"https:\/\/martinezsayko.es\/mercado-inmobiliario-en-cataluna\/#primaryimage"},"thumbnailUrl":"https:\/\/martinezsayko.es\/wp-content\/uploads\/2025\/05\/image-1024x508.png","datePublished":"2025-05-12T16:03:49+00:00","dateModified":"2025-06-22T13:45:33+00:00","description":"Mercado inmobiliario en catalu\u00f1a 2024 Evoluci\u00f3n de transacciones inmobiliarias en Catalu\u00f1a 2024 El Ministerio de Transportes, Movilidad y Agenda Urbana","breadcrumb":{"@id":"https:\/\/martinezsayko.es\/mercado-inmobiliario-en-cataluna\/#breadcrumb"},"inLanguage":"ru-RU","potentialAction":[{"@type":"ReadAction","target":["https:\/\/martinezsayko.es\/mercado-inmobiliario-en-cataluna\/"]}]},{"@type":"ImageObject","inLanguage":"ru-RU","@id":"https:\/\/martinezsayko.es\/mercado-inmobiliario-en-cataluna\/#primaryimage","url":"https:\/\/martinezsayko.es\/wp-content\/uploads\/2025\/05\/image-1024x508.png","contentUrl":"https:\/\/martinezsayko.es\/wp-content\/uploads\/2025\/05\/image-1024x508.png"},{"@type":"BreadcrumbList","@id":"https:\/\/martinezsayko.es\/mercado-inmobiliario-en-cataluna\/#breadcrumb","itemListElement":[{"@type":"ListItem","position":1,"name":"Portada","item":"https:\/\/martinezsayko.es\/"},{"@type":"ListItem","position":2,"name":"Mercado inmobiliario en Catalu\u00f1a"}]},{"@type":"WebSite","@id":"https:\/\/martinezsayko.es\/#website","url":"https:\/\/martinezsayko.es\/","name":"martinezsayko","description":"Especialista en propiedades exclusivas","publisher":{"@id":"https:\/\/martinezsayko.es\/#organization"},"alternateName":"martinezsayko","potentialAction":[{"@type":"SearchAction","target":{"@type":"EntryPoint","urlTemplate":"https:\/\/martinezsayko.es\/?s={search_term_string}"},"query-input":{"@type":"PropertyValueSpecification","valueRequired":true,"valueName":"search_term_string"}}],"inLanguage":"ru-RU"},{"@type":"Organization","@id":"https:\/\/martinezsayko.es\/#organization","name":"martinezsayko","alternateName":"martinezsayko","url":"https:\/\/martinezsayko.es\/","logo":{"@type":"ImageObject","inLanguage":"ru-RU","@id":"https:\/\/martinezsayko.es\/#\/schema\/logo\/image\/","url":"https:\/\/martinezsayko.es\/wp-content\/uploads\/2023\/12\/LOGONUEVO.png","contentUrl":"https:\/\/martinezsayko.es\/wp-content\/uploads\/2023\/12\/LOGONUEVO.png","width":322,"height":228,"caption":"martinezsayko"},"image":{"@id":"https:\/\/martinezsayko.es\/#\/schema\/logo\/image\/"},"sameAs":["https:\/\/www.linkedin.com\/in\/rafael-martinez-372a71b8\/","https:\/\/www.instagram.com\/rafamartinezagente\/"]}]}},"_links":{"self":[{"href":"https:\/\/martinezsayko.es\/ru\/wp-json\/wp\/v2\/pages\/20143","targetHints":{"allow":["GET"]}}],"collection":[{"href":"https:\/\/martinezsayko.es\/ru\/wp-json\/wp\/v2\/pages"}],"about":[{"href":"https:\/\/martinezsayko.es\/ru\/wp-json\/wp\/v2\/types\/page"}],"author":[{"embeddable":true,"href":"https:\/\/martinezsayko.es\/ru\/wp-json\/wp\/v2\/users\/1"}],"replies":[{"embeddable":true,"href":"https:\/\/martinezsayko.es\/ru\/wp-json\/wp\/v2\/comments?post=20143"}],"version-history":[{"count":39,"href":"https:\/\/martinezsayko.es\/ru\/wp-json\/wp\/v2\/pages\/20143\/revisions"}],"predecessor-version":[{"id":20873,"href":"https:\/\/martinezsayko.es\/ru\/wp-json\/wp\/v2\/pages\/20143\/revisions\/20873"}],"wp:attachment":[{"href":"https:\/\/martinezsayko.es\/ru\/wp-json\/wp\/v2\/media?parent=20143"}],"curies":[{"name":"wp","href":"https:\/\/api.w.org\/{rel}","templated":true}]}}